{"id":7196,"date":"2024-07-29T08:16:10","date_gmt":"2024-07-29T08:16:10","guid":{"rendered":"https:\/\/exmar-lpg.fr\/a-propos-dexmar\/"},"modified":"2025-01-29T14:48:14","modified_gmt":"2025-01-29T14:48:14","slug":"a-propos-dexmar","status":"publish","type":"page","link":"https:\/\/exmar-lpg.fr\/fr\/a-propos-dexmar\/","title":{"rendered":"\u00c0 propos d&rsquo;EXMAR"},"content":{"rendered":"\t\t<div data-elementor-type=\"wp-page\" data-elementor-id=\"7196\" class=\"elementor elementor-7196 elementor-150\" data-elementor-post-type=\"page\">\n\t\t\t\t<div class=\"elementor-element elementor-element-480102df e-flex e-con-boxed e-con e-parent\" data-id=\"480102df\" data-element_type=\"container\" data-settings=\"{&quot;jet_parallax_layout_list&quot;:[]}\">\n\t\t\t\t\t<div class=\"e-con-inner\">\n\t\t\t\t<div class=\"elementor-element elementor-element-200b891f elementor-widget elementor-widget-text-editor\" data-id=\"200b891f\" data-element_type=\"widget\" data-widget_type=\"text-editor.default\">\n\t\t\t\t<div class=\"elementor-widget-container\">\n\t\t\t\t\t\t\t\t\t<h3>Qui sommes-nous ?<\/h3>\n\t\t\t\t\t\t\t\t<\/div>\n\t\t\t\t<\/div>\n\t\t\t\t<div class=\"elementor-element elementor-element-2dcb56ab elementor-widget elementor-widget-text-editor\" data-id=\"2dcb56ab\" data-element_type=\"widget\" data-widget_type=\"text-editor.default\">\n\t\t\t\t<div class=\"elementor-widget-container\">\n\t\t\t\t\t\t\t\t\t<p>La mission d&rsquo;EXMAR est d&rsquo;utiliser les g\u00e9n\u00e9rations d&rsquo;expertise en armement, construction navale, infrastructures maritimes et ex\u00e9cution de projets pour un avenir \u00e9nerg\u00e9tique am\u00e9lior\u00e9. <\/p>\n\t\t\t\t\t\t\t\t<\/div>\n\t\t\t\t<\/div>\n\t\t<div class=\"elementor-element elementor-element-03bced8 e-grid e-con-full e-con e-child\" data-id=\"03bced8\" data-element_type=\"container\" data-settings=\"{&quot;jet_parallax_layout_list&quot;:[]}\">\n\t\t\t\t<div class=\"elementor-element elementor-element-aaf5fd0 elementor-widget elementor-widget-text-editor\" data-id=\"aaf5fd0\" data-element_type=\"widget\" data-widget_type=\"text-editor.default\">\n\t\t\t\t<div class=\"elementor-widget-container\">\n\t\t\t\t\t\t\t\t\t<ul>\n<li><strong>Nos avantages<\/strong>: EXMAR maintient des normes \u00e9lev\u00e9es et, gr\u00e2ce \u00e0 son approche agile, il peut r\u00e9fl\u00e9chir pour et avec le client.\n<\/li>\n<li><strong>V\u00e9rit\u00e9 du produit<\/strong>: EXMAR est une soci\u00e9t\u00e9 enti\u00e8rement int\u00e9gr\u00e9e, qui peut proposer des solutions les plus efficaces et les plus ax\u00e9es sur le client gr\u00e2ce \u00e0 son approche agile.<\/li>\n<\/ul>\n\t\t\t\t\t\t\t\t<\/div>\n\t\t\t\t<\/div>\n\t\t\t\t<div class=\"elementor-element elementor-element-287746c elementor-widget elementor-widget-text-editor\" data-id=\"287746c\" data-element_type=\"widget\" data-widget_type=\"text-editor.default\">\n\t\t\t\t<div class=\"elementor-widget-container\">\n\t\t\t\t\t\t\t\t\t<ul>\n<li>Nos <strong>clients <\/strong>: Des clients qui visent des normes \u00e9lev\u00e9es et recherchent des solutions globales pour leur entreprise.\n<\/li>\n<li><strong>Racines<\/strong>: Pionniers de la construction navale depuis 1829, ils apportent l&rsquo;expertise et la passion de l&rsquo;artisanat.<\/li>\n<\/ul>\n\t\t\t\t\t\t\t\t<\/div>\n\t\t\t\t<\/div>\n\t\t\t\t<\/div>\n\t\t\t\t\t<\/div>\n\t\t\t\t<\/div>\n\t\t<div class=\"elementor-element elementor-element-135d39e0 e-flex e-con-boxed e-con e-parent\" data-id=\"135d39e0\" data-element_type=\"container\" data-settings=\"{&quot;jet_parallax_layout_list&quot;:[]}\">\n\t\t\t\t\t<div class=\"e-con-inner\">\n\t\t<div class=\"elementor-element elementor-element-547f0cb7 e-grid e-con-boxed e-con e-child\" data-id=\"547f0cb7\" data-element_type=\"container\" data-settings=\"{&quot;jet_parallax_layout_list&quot;:[]}\">\n\t\t\t\t\t<div class=\"e-con-inner\">\n\t\t\t\t<div class=\"elementor-element elementor-element-3ae8c582 elementor-widget elementor-widget-image\" data-id=\"3ae8c582\" data-element_type=\"widget\" data-widget_type=\"image.default\">\n\t\t\t\t<div class=\"elementor-widget-container\">\n\t\t\t\t\t\t\t\t\t\t\t\t\t\t\t<img fetchpriority=\"high\" decoding=\"async\" width=\"1140\" height=\"511\" src=\"https:\/\/exmar-lpg.fr\/wp-content\/uploads\/2024\/09\/WeValueYourEnergy.jpg\" class=\"attachment-full size-full wp-image-7198\" alt=\"\" srcset=\"https:\/\/exmar-lpg.fr\/wp-content\/uploads\/2024\/09\/WeValueYourEnergy.jpg 1140w, https:\/\/exmar-lpg.fr\/wp-content\/uploads\/2024\/09\/WeValueYourEnergy-300x134.jpg 300w, https:\/\/exmar-lpg.fr\/wp-content\/uploads\/2024\/09\/WeValueYourEnergy-1024x459.jpg 1024w, https:\/\/exmar-lpg.fr\/wp-content\/uploads\/2024\/09\/WeValueYourEnergy-768x344.jpg 768w\" sizes=\"(max-width: 1140px) 100vw, 1140px\" \/>\t\t\t\t\t\t\t\t\t\t\t\t\t\t\t<\/div>\n\t\t\t\t<\/div>\n\t\t\t\t\t<\/div>\n\t\t\t\t<\/div>\n\t\t\t\t\t<\/div>\n\t\t\t\t<\/div>\n\t\t<div class=\"elementor-element elementor-element-16a1380c e-flex e-con-boxed e-con e-parent\" data-id=\"16a1380c\" data-element_type=\"container\" data-settings=\"{&quot;jet_parallax_layout_list&quot;:[]}\">\n\t\t\t\t\t<div class=\"e-con-inner\">\n\t\t<div class=\"elementor-element elementor-element-1911279a e-grid e-con-boxed e-con e-child\" data-id=\"1911279a\" data-element_type=\"container\" data-settings=\"{&quot;jet_parallax_layout_list&quot;:[]}\">\n\t\t\t\t\t<div class=\"e-con-inner\">\n\t\t\t\t<div class=\"elementor-element elementor-element-7970447 elementor-widget elementor-widget-text-editor\" data-id=\"7970447\" data-element_type=\"widget\" data-widget_type=\"text-editor.default\">\n\t\t\t\t<div class=\"elementor-widget-container\">\n\t\t\t\t\t\t\t\t\t<h3>Le mot de notre directeur g\u00e9n\u00e9ral<\/h3>\n\t\t\t\t\t\t\t\t<\/div>\n\t\t\t\t<\/div>\n\t\t\t\t<div class=\"elementor-element elementor-element-1c8531f0 elementor-widget elementor-widget-text-editor\" data-id=\"1c8531f0\" data-element_type=\"widget\" data-widget_type=\"text-editor.default\">\n\t\t\t\t<div class=\"elementor-widget-container\">\n\t\t\t\t\t\t\t\t\t<p>Au fil des ans, le Groupe EXMAR a \u00e9volu\u00e9 d&rsquo;une compagnie maritime traditionnelle vers un fournisseur d&rsquo;\u00e9nergie gazi\u00e8re ax\u00e9 sur l&rsquo;innovation. Aujourd&rsquo;hui, nous sommes activement impliqu\u00e9s au c\u0153ur m\u00eame de la cha\u00eene de valeur \u00e9nerg\u00e9tique mondiale. <\/p>\n<p>Le succ\u00e8s du Groupe EXMAR repose sur nos \u00e9quipes, \u00e0 bord et \u00e0 terre, qui remettent constamment en question les solutions \u00e9videntes et anticipent les besoins des clients. En tant qu&rsquo;\u00e9quipe, nous d\u00e9montrons en permanence notre capacit\u00e9 \u00e0 fournir des innovations dans la cha\u00eene d&rsquo;approvisionnement \u00e9nerg\u00e9tique, am\u00e9liorant ainsi l&rsquo;efficacit\u00e9 globale, offrant un retour sur investissement attractif et cr\u00e9ant de nouvelles opportunit\u00e9s de march\u00e9 pour nos clients et partenaires de longue date.<\/p>\n<p>Il a toujours \u00e9t\u00e9 dans l&rsquo;ADN d&rsquo;EXMAR d&rsquo;\u00eatre un pr\u00e9curseur, de s&rsquo;adapter aux situations changeantes et de tracer sa propre voie en prenant le leadership gr\u00e2ce \u00e0 l&rsquo;innovation.<\/p>\n<p>Carl-Antoine Saverys,<br \/><span style=\"color: var( --e-global-color-text ); font-family: var( --e-global-typography-77735f5-font-family ), Sans-serif; font-size: var( --e-global-typography-77735f5-font-size );\">PDG, Groupe EXMAR<\/span><\/p>\n\t\t\t\t\t\t\t\t<\/div>\n\t\t\t\t<\/div>\n\t\t\t\t\t<\/div>\n\t\t\t\t<\/div>\n\t\t<div class=\"elementor-element elementor-element-36d8264b e-grid e-con-boxed e-con e-child\" data-id=\"36d8264b\" data-element_type=\"container\" data-settings=\"{&quot;jet_parallax_layout_list&quot;:[]}\">\n\t\t\t\t\t<div class=\"e-con-inner\">\n\t\t\t\t<div class=\"elementor-element elementor-element-e9d49f8 elementor-widget elementor-widget-video\" data-id=\"e9d49f8\" data-element_type=\"widget\" data-settings=\"{&quot;youtube_url&quot;:&quot;https:\\\/\\\/youtu.be\\\/uNo5X50iaNQ?si=cHV_Hzz8bNdjIVOD&quot;,&quot;lazy_load&quot;:&quot;yes&quot;,&quot;video_type&quot;:&quot;youtube&quot;}\" data-widget_type=\"video.default\">\n\t\t\t\t<div class=\"elementor-widget-container\">\n\t\t\t\t\t\t\t<div class=\"elementor-wrapper elementor-open-inline\">\n\t\t\t<div class=\"elementor-video\"><\/div>\t\t<\/div>\n\t\t\t\t\t\t<\/div>\n\t\t\t\t<\/div>\n\t\t\t\t\t<\/div>\n\t\t\t\t<\/div>\n\t\t\t\t\t<\/div>\n\t\t\t\t<\/div>\n\t\t<div class=\"elementor-element elementor-element-3d0ad720 e-flex e-con-boxed e-con e-parent\" data-id=\"3d0ad720\" data-element_type=\"container\" data-settings=\"{&quot;jet_parallax_layout_list&quot;:[]}\">\n\t\t\t\t\t<div class=\"e-con-inner\">\n\t\t\t\t<div class=\"elementor-element elementor-element-163748db elementor-widget elementor-widget-heading\" data-id=\"163748db\" data-element_type=\"widget\" data-widget_type=\"heading.default\">\n\t\t\t\t<div class=\"elementor-widget-container\">\n\t\t\t\t\t<h3 class=\"elementor-heading-title elementor-size-default\">Notre expertise<\/h3>\t\t\t\t<\/div>\n\t\t\t\t<\/div>\n\t\t\t\t<div class=\"elementor-element elementor-element-7afaf975 elementor-widget elementor-widget-heading\" data-id=\"7afaf975\" data-element_type=\"widget\" data-widget_type=\"heading.default\">\n\t\t\t\t<div class=\"elementor-widget-container\">\n\t\t\t\t\t<h4 class=\"elementor-heading-title elementor-size-default\">Nous offrons une large gamme de services et de solutions industrielles au secteur de l'\u00e9nergie maritime.<\/h4>\t\t\t\t<\/div>\n\t\t\t\t<\/div>\n\t\t\t\t<div class=\"elementor-element elementor-element-48159d9f elementor-widget-divider--view-line elementor-widget elementor-widget-divider\" data-id=\"48159d9f\" data-element_type=\"widget\" data-widget_type=\"divider.default\">\n\t\t\t\t<div class=\"elementor-widget-container\">\n\t\t\t\t\t\t\t<div class=\"elementor-divider\">\n\t\t\t<span class=\"elementor-divider-separator\">\n\t\t\t\t\t\t<\/span>\n\t\t<\/div>\n\t\t\t\t\t\t<\/div>\n\t\t\t\t<\/div>\n\t\t<div class=\"elementor-element elementor-element-e5ca6c8 e-con-full e-flex e-con e-child\" data-id=\"e5ca6c8\" data-element_type=\"container\" data-settings=\"{&quot;jet_parallax_layout_list&quot;:[]}\">\n\t\t\t\t<div class=\"elementor-element elementor-element-354a398 elementor-widget elementor-widget-jet-listing-grid\" data-id=\"354a398\" data-element_type=\"widget\" data-settings=\"{&quot;columns&quot;:&quot;2&quot;}\" data-widget_type=\"jet-listing-grid.default\">\n\t\t\t\t<div class=\"elementor-widget-container\">\n\t\t\t\t\t<div class=\"jet-listing-grid jet-listing\"><div class=\"jet-listing-not-found jet-listing-grid__items\" data-nav=\"{&quot;enabled&quot;:false,&quot;type&quot;:null,&quot;more_el&quot;:null,&quot;query&quot;:[],&quot;widget_settings&quot;:{&quot;lisitng_id&quot;:173,&quot;posts_num&quot;:6,&quot;columns&quot;:2,&quot;columns_tablet&quot;:2,&quot;columns_mobile&quot;:2,&quot;column_min_width&quot;:240,&quot;column_min_width_tablet&quot;:240,&quot;column_min_width_mobile&quot;:240,&quot;inline_columns_css&quot;:false,&quot;is_archive_template&quot;:&quot;&quot;,&quot;post_status&quot;:[&quot;publish&quot;],&quot;use_random_posts_num&quot;:&quot;&quot;,&quot;max_posts_num&quot;:9,&quot;not_found_message&quot;:&quot;Aucune donn\\u00e9e n&#039;a \\u00e9t\\u00e9 trouv\\u00e9e&quot;,&quot;is_masonry&quot;:false,&quot;equal_columns_height&quot;:&quot;yes&quot;,&quot;use_load_more&quot;:&quot;&quot;,&quot;load_more_id&quot;:&quot;&quot;,&quot;load_more_type&quot;:&quot;click&quot;,&quot;load_more_offset&quot;:{&quot;unit&quot;:&quot;px&quot;,&quot;size&quot;:0,&quot;sizes&quot;:[]},&quot;use_custom_post_types&quot;:&quot;&quot;,&quot;custom_post_types&quot;:[],&quot;hide_widget_if&quot;:&quot;&quot;,&quot;carousel_enabled&quot;:&quot;&quot;,&quot;slides_to_scroll&quot;:&quot;1&quot;,&quot;arrows&quot;:&quot;true&quot;,&quot;arrow_icon&quot;:&quot;fa fa-angle-left&quot;,&quot;dots&quot;:&quot;&quot;,&quot;autoplay&quot;:&quot;true&quot;,&quot;pause_on_hover&quot;:&quot;true&quot;,&quot;autoplay_speed&quot;:5000,&quot;infinite&quot;:&quot;true&quot;,&quot;center_mode&quot;:&quot;&quot;,&quot;effect&quot;:&quot;slide&quot;,&quot;speed&quot;:500,&quot;inject_alternative_items&quot;:&quot;&quot;,&quot;injection_items&quot;:[],&quot;scroll_slider_enabled&quot;:&quot;&quot;,&quot;scroll_slider_on&quot;:[&quot;desktop&quot;,&quot;tablet&quot;,&quot;mobile&quot;],&quot;custom_query&quot;:&quot;yes&quot;,&quot;custom_query_id&quot;:&quot;35&quot;,&quot;_element_id&quot;:&quot;&quot;,&quot;collapse_first_last_gap&quot;:false,&quot;list_tag_selection&quot;:&quot;&quot;,&quot;list_items_wrapper_tag&quot;:&quot;div&quot;,&quot;list_item_tag&quot;:&quot;div&quot;,&quot;empty_items_wrapper_tag&quot;:&quot;div&quot;}}\" data-listing-source=\"query\" data-listing-id=\"173\" data-query-id=\"35\" data-queried-id=\"7196|WP_Post\">Aucune donn\u00e9e n'a \u00e9t\u00e9 trouv\u00e9e<\/div><\/div>\t\t\t\t<\/div>\n\t\t\t\t<\/div>\n\t\t\t\t<\/div>\n\t\t\t\t\t<\/div>\n\t\t\t\t<\/div>\n\t\t\t\t<\/div>\n\t\t","protected":false},"excerpt":{"rendered":"<p>Qui sommes-nous ? La mission d&rsquo;EXMAR est d&rsquo;utiliser les g\u00e9n\u00e9rations d&rsquo;expertise en armement, construction navale, infrastructures maritimes et ex\u00e9cution de projets pour un avenir \u00e9nerg\u00e9tique am\u00e9lior\u00e9. Nos avantages: EXMAR maintient des normes \u00e9lev\u00e9es et, gr\u00e2ce \u00e0 son approche agile, il peut r\u00e9fl\u00e9chir pour et avec le client. V\u00e9rit\u00e9 du produit: EXMAR est une soci\u00e9t\u00e9 enti\u00e8rement [&hellip;]<\/p>\n","protected":false},"author":1,"featured_media":0,"parent":0,"menu_order":0,"comment_status":"closed","ping_status":"closed","template":"","meta":{"footnotes":""},"class_list":["post-7196","page","type-page","status-publish","hentry"],"_links":{"self":[{"href":"https:\/\/exmar-lpg.fr\/fr\/wp-json\/wp\/v2\/pages\/7196","targetHints":{"allow":["GET"]}}],"collection":[{"href":"https:\/\/exmar-lpg.fr\/fr\/wp-json\/wp\/v2\/pages"}],"about":[{"href":"https:\/\/exmar-lpg.fr\/fr\/wp-json\/wp\/v2\/types\/page"}],"author":[{"embeddable":true,"href":"https:\/\/exmar-lpg.fr\/fr\/wp-json\/wp\/v2\/users\/1"}],"replies":[{"embeddable":true,"href":"https:\/\/exmar-lpg.fr\/fr\/wp-json\/wp\/v2\/comments?post=7196"}],"version-history":[{"count":1,"href":"https:\/\/exmar-lpg.fr\/fr\/wp-json\/wp\/v2\/pages\/7196\/revisions"}],"predecessor-version":[{"id":7199,"href":"https:\/\/exmar-lpg.fr\/fr\/wp-json\/wp\/v2\/pages\/7196\/revisions\/7199"}],"wp:attachment":[{"href":"https:\/\/exmar-lpg.fr\/fr\/wp-json\/wp\/v2\/media?parent=7196"}],"curies":[{"name":"wp","href":"https:\/\/api.w.org\/{rel}","templated":true}]}}