{"id":7320,"date":"2024-09-02T11:52:34","date_gmt":"2024-09-02T11:52:34","guid":{"rendered":"https:\/\/exmar-lpg.fr\/a-propos-dexmar\/nos-valeurs\/"},"modified":"2025-02-05T19:37:03","modified_gmt":"2025-02-05T19:37:03","slug":"nos-valeurs","status":"publish","type":"page","link":"https:\/\/exmar-lpg.fr\/fr\/a-propos-dexmar\/nos-valeurs\/","title":{"rendered":"Nos Valeurs"},"content":{"rendered":"\t\t<div data-elementor-type=\"wp-page\" data-elementor-id=\"7320\" class=\"elementor elementor-7320 elementor-3477\" data-elementor-post-type=\"page\">\n\t\t\t\t<div class=\"elementor-element elementor-element-16a1380c e-flex e-con-boxed e-con e-parent\" data-id=\"16a1380c\" data-element_type=\"container\" data-settings=\"{&quot;jet_parallax_layout_list&quot;:[]}\">\n\t\t\t\t\t<div class=\"e-con-inner\">\n\t\t<div class=\"elementor-element elementor-element-8b09107 e-grid e-con-full e-con e-child\" data-id=\"8b09107\" data-element_type=\"container\" data-settings=\"{&quot;jet_parallax_layout_list&quot;:[]}\">\n\t\t\t\t<div class=\"elementor-element elementor-element-204c156 elementor-widget elementor-widget-text-editor\" data-id=\"204c156\" data-element_type=\"widget\" data-widget_type=\"text-editor.default\">\n\t\t\t\t<div class=\"elementor-widget-container\">\n\t\t\t\t\t\t\t\t\t<p><strong>Nous sommes partenaires<\/strong><\/p>\n<p>Chez EXMAR, nous travaillons en partenariat avec le client. Nous sommes fiables et construisons des relations solides. Nous trouvons toujours des moyens de r\u00e9fl\u00e9chir pour nos clients et de nous concentrer sur leurs probl\u00e8mes, en leur offrant des solutions efficaces et \u00e0 valeur ajout\u00e9e.  <\/p>\n<p><strong>Nous sommes respectueux.<\/strong><\/p>\n<p>Chez EXMAR, nous respectons l&rsquo;environnement et les personnes. Nous reconnaissons et appr\u00e9cions la valeur intrins\u00e8que de chaque individu au sein de l&rsquo;entreprise, des employ\u00e9s aux clients. Nous sommes humbles et op\u00e9rons dans une atmosph\u00e8re ouverte, honn\u00eate et s\u00fbre. Nous valorisons notre lieu de travail multiculturel qui favorise l&rsquo;inclusivit\u00e9 et la s\u00e9curit\u00e9.   <\/p>\n<p><strong>Nous sommes innovants.<\/strong><\/p>\n<p>Chez EXMAR, nous innovons et trouvons toujours des moyens de simplifier. Nous cherchons l&rsquo;inspiration partout, mais nous nous concentrons sur nos propres solutions. Nous sommes passionn\u00e9s et nous nous f\u00e9licitons d&rsquo;essayer des choses qui n&rsquo;ont jamais \u00e9t\u00e9 faites auparavant.  <\/p>\n<\/p>\n<p><b>Nous sommes agiles.<\/b><\/p>\n<p>Chez EXMAR, nous sommes agiles et orient\u00e9s vers l&rsquo;action. La rapidit\u00e9 et l&rsquo;efficacit\u00e9 sont primordiales. De nombreuses d\u00e9cisions et actions sont r\u00e9versibles. Nous avons des lignes de communication directes et ouvertes, et nous communiquons de mani\u00e8re transparente et efficace. Nous valorisons la prise de risques calcul\u00e9s, le bon sens et le pragmatisme.   <\/p>\n<p><strong>Nous sommes experts.<\/strong><\/p>\n<p>Chez EXMAR, nous sommes orient\u00e9s vers les r\u00e9sultats et implacablement exigeants en mati\u00e8re de normes. Nous r\u00e9solvons les probl\u00e8mes \u00e0 la racine et nous nous f\u00e9licitons de notre excellence, dans le respect des personnes et de l&rsquo;environnement. Nous nous concentrons sur les \u00e9l\u00e9ments cl\u00e9s et les livrons avec la bonne qualit\u00e9 et en temps voulu. Nous consid\u00e9rons chaque revers comme une opportunit\u00e9 de livrer encore plus.   <\/p>\n<p><strong>Nous sommes propri\u00e9taires.<\/strong><\/p>\n<p>We act on behalf of the whole family company. At EXMAR, we hold ourselves accountable, we acknowledge mistakes and learn from them. We focus on taking ownership and finding frugal solutions proactively. We always remain on the look-out for every opportunity. We are a family that takes care of each other and its clients.    <\/p>\n\t\t\t\t\t\t\t\t<\/div>\n\t\t\t\t<\/div>\n\t\t\t\t<\/div>\n\t\t\t\t\t<\/div>\n\t\t\t\t<\/div>\n\t\t<div class=\"elementor-element elementor-element-ecfdb38 e-flex e-con-boxed e-con e-parent\" data-id=\"ecfdb38\" data-element_type=\"container\" data-settings=\"{&quot;jet_parallax_layout_list&quot;:[]}\">\n\t\t\t\t\t<div class=\"e-con-inner\">\n\t\t\t\t<div class=\"elementor-element elementor-element-b65a411 elementor-widget elementor-widget-spacer\" data-id=\"b65a411\" data-element_type=\"widget\" data-widget_type=\"spacer.default\">\n\t\t\t\t<div class=\"elementor-widget-container\">\n\t\t\t\t\t\t\t<div class=\"elementor-spacer\">\n\t\t\t<div class=\"elementor-spacer-inner\"><\/div>\n\t\t<\/div>\n\t\t\t\t\t\t<\/div>\n\t\t\t\t<\/div>\n\t\t\t\t<div class=\"elementor-element elementor-element-3c2fbc1 elementor-widget elementor-widget-image\" data-id=\"3c2fbc1\" data-element_type=\"widget\" data-widget_type=\"image.default\">\n\t\t\t\t<div class=\"elementor-widget-container\">\n\t\t\t\t\t\t\t\t\t\t\t\t\t\t\t<img fetchpriority=\"high\" decoding=\"async\" width=\"1140\" height=\"500\" src=\"https:\/\/exmar-lpg.fr\/wp-content\/uploads\/2024\/09\/banner-values.jpg\" class=\"attachment-full size-full wp-image-7317\" alt=\"\" srcset=\"https:\/\/exmar-lpg.fr\/wp-content\/uploads\/2024\/09\/banner-values.jpg 1140w, https:\/\/exmar-lpg.fr\/wp-content\/uploads\/2024\/09\/banner-values-300x132.jpg 300w, https:\/\/exmar-lpg.fr\/wp-content\/uploads\/2024\/09\/banner-values-1024x449.jpg 1024w, https:\/\/exmar-lpg.fr\/wp-content\/uploads\/2024\/09\/banner-values-768x337.jpg 768w\" sizes=\"(max-width: 1140px) 100vw, 1140px\" \/>\t\t\t\t\t\t\t\t\t\t\t\t\t\t\t<\/div>\n\t\t\t\t<\/div>\n\t\t\t\t\t<\/div>\n\t\t\t\t<\/div>\n\t\t\t\t<\/div>\n\t\t","protected":false},"excerpt":{"rendered":"<p>Nous sommes partenaires Chez EXMAR, nous travaillons en partenariat avec le client. Nous sommes fiables et construisons des relations solides. Nous trouvons toujours des moyens de r\u00e9fl\u00e9chir pour nos clients et de nous concentrer sur leurs probl\u00e8mes, en leur offrant des solutions efficaces et \u00e0 valeur ajout\u00e9e. Nous sommes respectueux. Chez EXMAR, nous respectons l&rsquo;environnement [&hellip;]<\/p>\n","protected":false},"author":3,"featured_media":0,"parent":7196,"menu_order":0,"comment_status":"closed","ping_status":"closed","template":"","meta":{"footnotes":""},"class_list":["post-7320","page","type-page","status-publish","hentry"],"_links":{"self":[{"href":"https:\/\/exmar-lpg.fr\/fr\/wp-json\/wp\/v2\/pages\/7320","targetHints":{"allow":["GET"]}}],"collection":[{"href":"https:\/\/exmar-lpg.fr\/fr\/wp-json\/wp\/v2\/pages"}],"about":[{"href":"https:\/\/exmar-lpg.fr\/fr\/wp-json\/wp\/v2\/types\/page"}],"author":[{"embeddable":true,"href":"https:\/\/exmar-lpg.fr\/fr\/wp-json\/wp\/v2\/users\/3"}],"replies":[{"embeddable":true,"href":"https:\/\/exmar-lpg.fr\/fr\/wp-json\/wp\/v2\/comments?post=7320"}],"version-history":[{"count":1,"href":"https:\/\/exmar-lpg.fr\/fr\/wp-json\/wp\/v2\/pages\/7320\/revisions"}],"predecessor-version":[{"id":7321,"href":"https:\/\/exmar-lpg.fr\/fr\/wp-json\/wp\/v2\/pages\/7320\/revisions\/7321"}],"up":[{"embeddable":true,"href":"https:\/\/exmar-lpg.fr\/fr\/wp-json\/wp\/v2\/pages\/7196"}],"wp:attachment":[{"href":"https:\/\/exmar-lpg.fr\/fr\/wp-json\/wp\/v2\/media?parent=7320"}],"curies":[{"name":"wp","href":"https:\/\/api.w.org\/{rel}","templated":true}]}}