{"id":7324,"date":"2024-09-02T11:45:46","date_gmt":"2024-09-02T11:45:46","guid":{"rendered":"https:\/\/exmar-lpg.fr\/a-propos-dexmar\/vision-mission\/"},"modified":"2025-02-13T08:17:10","modified_gmt":"2025-02-13T08:17:10","slug":"vision-mission","status":"publish","type":"page","link":"https:\/\/exmar-lpg.fr\/fr\/a-propos-dexmar\/vision-mission\/","title":{"rendered":"Vision &amp; Mission"},"content":{"rendered":"\t\t<div data-elementor-type=\"wp-page\" data-elementor-id=\"7324\" class=\"elementor elementor-7324 elementor-3468\" data-elementor-post-type=\"page\">\n\t\t\t\t<div class=\"elementor-element elementor-element-480102df e-flex e-con-boxed e-con e-parent\" data-id=\"480102df\" data-element_type=\"container\" data-settings=\"{&quot;jet_parallax_layout_list&quot;:[]}\">\n\t\t\t\t\t<div class=\"e-con-inner\">\n\t\t\t\t<div class=\"elementor-element elementor-element-200b891f elementor-widget elementor-widget-text-editor\" data-id=\"200b891f\" data-element_type=\"widget\" data-widget_type=\"text-editor.default\">\n\t\t\t\t<div class=\"elementor-widget-container\">\n\t\t\t\t\t\t\t\t\t<h2>D\u00e9claration de vision<\/h2>\n\t\t\t\t\t\t\t\t<\/div>\n\t\t\t\t<\/div>\n\t\t\t\t<div class=\"elementor-element elementor-element-2dcb56ab elementor-widget elementor-widget-text-editor\" data-id=\"2dcb56ab\" data-element_type=\"widget\" data-widget_type=\"text-editor.default\">\n\t\t\t\t<div class=\"elementor-widget-container\">\n\t\t\t\t\t\t\t\t\t<p>En tant qu&rsquo;armateur, nous innovons pour servir nos clients en transportant et en transformant efficacement des mol\u00e9cules gazeuses.<\/p>\n\t\t\t\t\t\t\t\t<\/div>\n\t\t\t\t<\/div>\n\t\t\t\t\t<\/div>\n\t\t\t\t<\/div>\n\t\t<div class=\"elementor-element elementor-element-135d39e0 e-flex e-con-boxed e-con e-parent\" data-id=\"135d39e0\" data-element_type=\"container\" data-settings=\"{&quot;jet_parallax_layout_list&quot;:[]}\">\n\t\t\t\t\t<div class=\"e-con-inner\">\n\t\t<div class=\"elementor-element elementor-element-547f0cb7 e-grid e-con-full e-con e-child\" data-id=\"547f0cb7\" data-element_type=\"container\" data-settings=\"{&quot;jet_parallax_layout_list&quot;:[]}\">\n\t\t\t\t<div class=\"elementor-element elementor-element-3ae8c582 elementor-widget elementor-widget-image\" data-id=\"3ae8c582\" data-element_type=\"widget\" data-widget_type=\"image.default\">\n\t\t\t\t<div class=\"elementor-widget-container\">\n\t\t\t\t\t\t\t\t\t\t\t\t\t\t\t<img fetchpriority=\"high\" decoding=\"async\" width=\"950\" height=\"250\" src=\"https:\/\/exmar-lpg.fr\/wp-content\/uploads\/2024\/09\/EXMAR-mission-vision.jpg\" class=\"attachment-full size-full wp-image-7271\" alt=\"\" srcset=\"https:\/\/exmar-lpg.fr\/wp-content\/uploads\/2024\/09\/EXMAR-mission-vision.jpg 950w, https:\/\/exmar-lpg.fr\/wp-content\/uploads\/2024\/09\/EXMAR-mission-vision-300x79.jpg 300w, https:\/\/exmar-lpg.fr\/wp-content\/uploads\/2024\/09\/EXMAR-mission-vision-768x202.jpg 768w\" sizes=\"(max-width: 950px) 100vw, 950px\" \/>\t\t\t\t\t\t\t\t\t\t\t\t\t\t\t<\/div>\n\t\t\t\t<\/div>\n\t\t\t\t<\/div>\n\t\t\t\t\t<\/div>\n\t\t\t\t<\/div>\n\t\t<div class=\"elementor-element elementor-element-16a1380c e-flex e-con-boxed e-con e-parent\" data-id=\"16a1380c\" data-element_type=\"container\" data-settings=\"{&quot;jet_parallax_layout_list&quot;:[]}\">\n\t\t\t\t\t<div class=\"e-con-inner\">\n\t\t<div class=\"elementor-element elementor-element-1911279a e-grid e-con-boxed e-con e-child\" data-id=\"1911279a\" data-element_type=\"container\" data-settings=\"{&quot;jet_parallax_layout_list&quot;:[]}\">\n\t\t\t\t\t<div class=\"e-con-inner\">\n\t\t\t\t<div class=\"elementor-element elementor-element-7970447 elementor-widget elementor-widget-text-editor\" data-id=\"7970447\" data-element_type=\"widget\" data-widget_type=\"text-editor.default\">\n\t\t\t\t<div class=\"elementor-widget-container\">\n\t\t\t\t\t\t\t\t\t<h2>D\u00e9claration de mission<\/h2>\n\t\t\t\t\t\t\t\t<\/div>\n\t\t\t\t<\/div>\n\t\t\t\t<div class=\"elementor-element elementor-element-1c8531f0 elementor-widget elementor-widget-text-editor\" data-id=\"1c8531f0\" data-element_type=\"widget\" data-widget_type=\"text-editor.default\">\n\t\t\t\t<div class=\"elementor-widget-container\">\n\t\t\t\t\t\t\t\t\t<p>La mission d&rsquo;EXMAR est de mettre \u00e0 profit des g\u00e9n\u00e9rations d&rsquo;armateurs, de constructeurs navals, d&rsquo;infrastructures maritimes et d&rsquo;ex\u00e9cution de projets pour am\u00e9liorer l&rsquo;avenir \u00e9nerg\u00e9tique.<\/p>\n\t\t\t\t\t\t\t\t<\/div>\n\t\t\t\t<\/div>\n\t\t\t\t\t<\/div>\n\t\t\t\t<\/div>\n\t\t\t\t\t<\/div>\n\t\t\t\t<\/div>\n\t\t<div class=\"elementor-element elementor-element-148cc59 e-flex e-con-boxed e-con e-parent\" data-id=\"148cc59\" data-element_type=\"container\" data-settings=\"{&quot;jet_parallax_layout_list&quot;:[]}\">\n\t\t\t\t\t<div class=\"e-con-inner\">\n\t\t\t\t<div class=\"elementor-element elementor-element-465c7bd elementor-widget elementor-widget-spacer\" data-id=\"465c7bd\" data-element_type=\"widget\" data-widget_type=\"spacer.default\">\n\t\t\t\t<div class=\"elementor-widget-container\">\n\t\t\t\t\t\t\t<div class=\"elementor-spacer\">\n\t\t\t<div class=\"elementor-spacer-inner\"><\/div>\n\t\t<\/div>\n\t\t\t\t\t\t<\/div>\n\t\t\t\t<\/div>\n\t\t\t\t<div class=\"elementor-element elementor-element-d1768f4 elementor-widget elementor-widget-video\" data-id=\"d1768f4\" data-element_type=\"widget\" data-settings=\"{&quot;video_type&quot;:&quot;vimeo&quot;,&quot;yt_privacy&quot;:&quot;yes&quot;}\" data-widget_type=\"video.default\">\n\t\t\t\t<div class=\"elementor-widget-container\">\n\t\t\t\t\t\t\t<div class=\"elementor-wrapper elementor-open-inline\">\n\t\t\t<iframe class=\"elementor-video-iframe\" allowfullscreen allow=\"clipboard-write\" title=\"Lecteur vid\u00e9o vimeo\" src=\"https:\/\/player.vimeo.com\/video\/1006892708?color&amp;autopause=0&amp;dnt=true&amp;loop=0&amp;muted=0&amp;title=0&amp;portrait=0&amp;byline=0&amp;h=577d512373#t=\"><\/iframe>\t\t<\/div>\n\t\t\t\t\t\t<\/div>\n\t\t\t\t<\/div>\n\t\t\t\t\t<\/div>\n\t\t\t\t<\/div>\n\t\t\t\t<\/div>\n\t\t","protected":false},"excerpt":{"rendered":"<p>D\u00e9claration de vision En tant qu&rsquo;armateur, nous innovons pour servir nos clients en transportant et en transformant efficacement des mol\u00e9cules gazeuses. D\u00e9claration de mission La mission d&rsquo;EXMAR est de mettre \u00e0 profit des g\u00e9n\u00e9rations d&rsquo;armateurs, de constructeurs navals, d&rsquo;infrastructures maritimes et d&rsquo;ex\u00e9cution de projets pour am\u00e9liorer l&rsquo;avenir \u00e9nerg\u00e9tique.<\/p>\n","protected":false},"author":3,"featured_media":0,"parent":7196,"menu_order":0,"comment_status":"closed","ping_status":"closed","template":"","meta":{"footnotes":""},"class_list":["post-7324","page","type-page","status-publish","hentry"],"_links":{"self":[{"href":"https:\/\/exmar-lpg.fr\/fr\/wp-json\/wp\/v2\/pages\/7324","targetHints":{"allow":["GET"]}}],"collection":[{"href":"https:\/\/exmar-lpg.fr\/fr\/wp-json\/wp\/v2\/pages"}],"about":[{"href":"https:\/\/exmar-lpg.fr\/fr\/wp-json\/wp\/v2\/types\/page"}],"author":[{"embeddable":true,"href":"https:\/\/exmar-lpg.fr\/fr\/wp-json\/wp\/v2\/users\/3"}],"replies":[{"embeddable":true,"href":"https:\/\/exmar-lpg.fr\/fr\/wp-json\/wp\/v2\/comments?post=7324"}],"version-history":[{"count":1,"href":"https:\/\/exmar-lpg.fr\/fr\/wp-json\/wp\/v2\/pages\/7324\/revisions"}],"predecessor-version":[{"id":7325,"href":"https:\/\/exmar-lpg.fr\/fr\/wp-json\/wp\/v2\/pages\/7324\/revisions\/7325"}],"up":[{"embeddable":true,"href":"https:\/\/exmar-lpg.fr\/fr\/wp-json\/wp\/v2\/pages\/7196"}],"wp:attachment":[{"href":"https:\/\/exmar-lpg.fr\/fr\/wp-json\/wp\/v2\/media?parent=7324"}],"curies":[{"name":"wp","href":"https:\/\/api.w.org\/{rel}","templated":true}]}}